{"id":25539,"date":"2025-08-28T10:34:27","date_gmt":"2025-08-28T03:34:27","guid":{"rendered":"https:\/\/tansin.co.th\/?post_type=product&#038;p=25539"},"modified":"2026-03-27T16:09:15","modified_gmt":"2026-03-27T09:09:15","slug":"998","status":"publish","type":"product","link":"https:\/\/tansin.co.th\/th\/product\/998\/","title":{"rendered":"998"},"content":{"rendered":"<h3 data-start=\"126\" data-end=\"191\"><strong data-start=\"130\" data-end=\"191\">HCR-998 \u2013 Genuine Crocodile Leather Crossbody Bag<\/strong><\/h3>\n<p data-start=\"472\" data-end=\"486\"><strong data-start=\"472\" data-end=\"484\">\u0e23\u0e32\u0e22\u0e25\u0e30\u0e40\u0e2d\u0e35\u0e22\u0e14:<\/strong><\/p>\n<ul data-start=\"487\" data-end=\"689\">\n<li data-start=\"487\" data-end=\"507\">\n<p data-start=\"489\" data-end=\"507\"><strong data-start=\"489\" data-end=\"499\">\u0e2a\u0e35:<\/strong> \u0e2a\u0e35\u0e14\u0e33<\/p>\n<\/li>\n<li data-start=\"508\" data-end=\"562\">\n<p data-start=\"510\" data-end=\"562\"><strong data-start=\"510\" data-end=\"523\">\u0e27\u0e31\u0e2a\u0e14\u0e38:<\/strong> Genuine Freshwater Crocodile Leather<\/p>\n<\/li>\n<li data-start=\"563\" data-end=\"592\">\n<p data-start=\"565\" data-end=\"592\"><strong data-start=\"565\" data-end=\"576\">Lining:<\/strong> Sheep Leather<\/p>\n<\/li>\n<li data-start=\"593\" data-end=\"639\">\n<p data-start=\"595\" data-end=\"639\"><strong data-start=\"595\" data-end=\"610\">\u0e02\u0e19\u0e32\u0e14:<\/strong> 21 \u00d7 25 \u00d7 6 cm (L \u00d7 H \u00d7 W)<\/p>\n<\/li>\n<li data-start=\"640\" data-end=\"689\">\n<p data-start=\"642\" data-end=\"689\"><strong data-start=\"642\" data-end=\"655\">\u0e20\u0e32\u0e22\u0e43\u0e19:<\/strong> Inside zip pocket &amp; open pocket<\/p>\n<\/li>\n<\/ul>\n<p data-start=\"691\" data-end=\"789\">Expertly made in Thailand, this crossbody bag combines exotic elegance with everyday practicality.<\/p>","protected":false},"excerpt":{"rendered":"<p>\u0e1b\u0e23\u0e30\u0e14\u0e34\u0e29\u0e10\u0e4c\u0e08\u0e32\u0e01 <strong data-start=\"206\" data-end=\"269\">\u0e2b\u0e19\u0e31\u0e07\u0e08\u0e23\u0e30\u0e40\u0e02\u0e49\u0e19\u0e49\u0e33\u0e08\u0e37\u0e14\u0e41\u0e17\u0e49 (Crocodylus Siamensis)<\/strong> \u0e41\u0e25\u0e30\u0e40\u0e23\u0e35\u0e22\u0e07\u0e23\u0e32\u0e22\u0e44\u0e1b\u0e14\u0e49\u0e27\u0e22 <strong data-start=\"285\" data-end=\"307\">\u0e2b\u0e19\u0e31\u0e07\u0e41\u0e01\u0e30\u0e19\u0e38\u0e48\u0e21<\/strong>HCR-998 \u0e21\u0e32\u0e1e\u0e23\u0e49\u0e2d\u0e21\u0e14\u0e35\u0e44\u0e0b\u0e19\u0e4c\u0e2a\u0e30\u0e1e\u0e32\u0e22\u0e02\u0e49\u0e32\u0e07\u0e2a\u0e38\u0e14\u0e04\u0e25\u0e32\u0e2a\u0e2a\u0e34\u0e01\u0e2a\u0e35\u0e14\u0e33 \u0e42\u0e09\u0e1a\u0e40\u0e09\u0e35\u0e48\u0e22\u0e27\u0e40\u0e2b\u0e19\u0e37\u0e2d\u0e01\u0e32\u0e25\u0e40\u0e27\u0e25\u0e32 \u0e02\u0e19\u0e32\u0e14\u0e01\u0e30\u0e17\u0e31\u0e14\u0e23\u0e31\u0e14\u0e41\u0e15\u0e48\u0e43\u0e0a\u0e49\u0e07\u0e32\u0e19\u0e44\u0e14\u0e49\u0e08\u0e23\u0e34\u0e07 \u0e40\u0e2b\u0e21\u0e32\u0e30\u0e2a\u0e33\u0e2b\u0e23\u0e31\u0e1a\u0e43\u0e2a\u0e48\u0e02\u0e2d\u0e07\u0e43\u0e0a\u0e49\u0e08\u0e33\u0e40\u0e1b\u0e47\u0e19\u0e43\u0e19\u0e0a\u0e35\u0e27\u0e34\u0e15\u0e1b\u0e23\u0e30\u0e08\u0e33\u0e27\u0e31\u0e19\u0e44\u0e14\u0e49\u0e2d\u0e22\u0e48\u0e32\u0e07\u0e21\u0e35\u0e2a\u0e44\u0e15\u0e25\u0e4c<\/p>","protected":false},"featured_media":25542,"comment_status":"open","ping_status":"closed","template":"","meta":[],"product_brand":[544],"product_cat":[531],"product_tag":[537],"class_list":{"0":"post-25539","1":"product","2":"type-product","3":"status-publish","4":"has-post-thumbnail","6":"product_brand-siamesexotic","7":"product_cat-bags","8":"product_tag-hornback","10":"first","11":"instock","12":"taxable","13":"shipping-taxable","14":"product-type-simple"},"_links":{"self":[{"href":"https:\/\/tansin.co.th\/th\/wp-json\/wp\/v2\/product\/25539","targetHints":{"allow":["GET"]}}],"collection":[{"href":"https:\/\/tansin.co.th\/th\/wp-json\/wp\/v2\/product"}],"about":[{"href":"https:\/\/tansin.co.th\/th\/wp-json\/wp\/v2\/types\/product"}],"replies":[{"embeddable":true,"href":"https:\/\/tansin.co.th\/th\/wp-json\/wp\/v2\/comments?post=25539"}],"wp:featuredmedia":[{"embeddable":true,"href":"https:\/\/tansin.co.th\/th\/wp-json\/wp\/v2\/media\/25542"}],"wp:attachment":[{"href":"https:\/\/tansin.co.th\/th\/wp-json\/wp\/v2\/media?parent=25539"}],"wp:term":[{"taxonomy":"product_brand","embeddable":true,"href":"https:\/\/tansin.co.th\/th\/wp-json\/wp\/v2\/product_brand?post=25539"},{"taxonomy":"product_cat","embeddable":true,"href":"https:\/\/tansin.co.th\/th\/wp-json\/wp\/v2\/product_cat?post=25539"},{"taxonomy":"product_tag","embeddable":true,"href":"https:\/\/tansin.co.th\/th\/wp-json\/wp\/v2\/product_tag?post=25539"}],"curies":[{"name":"wp","href":"https:\/\/api.w.org\/{rel}","templated":true}]}}